{"id":32,"date":"2025-09-23T09:21:46","date_gmt":"2025-09-23T09:21:46","guid":{"rendered":"https:\/\/murskival.si\/?page_id=32"},"modified":"2025-10-28T23:30:22","modified_gmt":"2025-10-28T23:30:22","slug":"oddaje","status":"publish","type":"page","link":"https:\/\/murskival.si\/?page_id=32","title":{"rendered":"Marketing"},"content":{"rendered":"\t\t<div data-elementor-type=\"wp-page\" data-elementor-id=\"32\" class=\"elementor elementor-32\" data-elementor-post-type=\"page\">\n\t\t\t\t<div class=\"elementor-element elementor-element-d41c695 e-flex e-con-boxed e-con e-parent\" data-id=\"d41c695\" data-element_type=\"container\">\n\t\t\t\t\t<div class=\"e-con-inner\">\n\t\t<div class=\"elementor-element elementor-element-52d6ad6 e-con-full e-flex e-con e-child\" data-id=\"52d6ad6\" data-element_type=\"container\">\n\t\t\t\t<div class=\"elementor-element elementor-element-484a261 elementor-widget elementor-widget-spacer\" data-id=\"484a261\" data-element_type=\"widget\" data-widget_type=\"spacer.default\">\n\t\t\t\t\t\t\t<div class=\"elementor-spacer\">\n\t\t\t<div class=\"elementor-spacer-inner\"><\/div>\n\t\t<\/div>\n\t\t\t\t\t\t<\/div>\n\t\t\t\t<div class=\"elementor-element elementor-element-aa169d9 elementor-widget elementor-widget-heading\" data-id=\"aa169d9\" data-element_type=\"widget\" data-widget_type=\"heading.default\">\n\t\t\t\t\t<h3 class=\"elementor-heading-title elementor-size-default\">MARKETING<\/h3>\t\t\t\t<\/div>\n\t\t\t\t<div class=\"elementor-element elementor-element-8255ca8 elementor-widget elementor-widget-text-editor\" data-id=\"8255ca8\" data-element_type=\"widget\" data-widget_type=\"text-editor.default\">\n\t\t\t\t\t\t\t\t\t<p style=\"font-weight: 400;\"><strong>OGLASNI BLOKI<\/strong><\/p><p style=\"font-weight: 400;\">Za medijsko planiranje pi\u0161ite na: <a href=\"mailto:vodja.marketing@murskival.si\">vodja.marketing@murskival.si<\/a><\/p><p><strong>ZAKUP PROGRAMSKEGA \u010cASA IN TEMATSKE RUBRIKE<\/strong><\/p><p>Za ve\u010d informacij pi\u0161ite na: <a href=\"mailto:vodja.marketing@murskival.si\">vodja.marketing@murskival.si<\/a><\/p><p>Ali pokli\u010dite na \u0161tevilko: <a href=\"http:\/\/phone\" data-wplink-url-error=\"true\">02 538 17 22<\/a><\/p>\t\t\t\t\t\t\t\t<\/div>\n\t\t\t\t<div class=\"elementor-element elementor-element-9cfeac8 elementor-button-info elementor-align-left elementor-widget elementor-widget-button\" data-id=\"9cfeac8\" data-element_type=\"widget\" data-widget_type=\"button.default\">\n\t\t\t\t\t\t\t\t\t\t<a class=\"elementor-button elementor-button-link elementor-size-sm\" href=\"#\">\n\t\t\t\t\t\t<span class=\"elementor-button-content-wrapper\">\n\t\t\t\t\t\t\t\t\t<span class=\"elementor-button-text\">NARO\u010cI OGLA\u0160EVANJE<\/span>\n\t\t\t\t\t<\/span>\n\t\t\t\t\t<\/a>\n\t\t\t\t\t\t\t\t<\/div>\n\t\t\t\t<\/div>\n\t\t<div class=\"elementor-element elementor-element-51fed93 e-con-full e-flex e-con e-child\" data-id=\"51fed93\" data-element_type=\"container\">\n\t\t\t\t<div class=\"elementor-element elementor-element-e49f175 elementor-align-center elementor-widget elementor-widget-lottie\" data-id=\"e49f175\" data-element_type=\"widget\" data-settings=\"{&quot;source_json&quot;:{&quot;url&quot;:&quot;https:\\\/\\\/murskival.si\\\/wp-content\\\/uploads\\\/2025\\\/09\\\/Rocket-Launch.json&quot;,&quot;id&quot;:527,&quot;size&quot;:&quot;&quot;,&quot;alt&quot;:&quot;&quot;,&quot;source&quot;:&quot;library&quot;},&quot;loop&quot;:&quot;yes&quot;,&quot;play_speed&quot;:{&quot;unit&quot;:&quot;px&quot;,&quot;size&quot;:0.2,&quot;sizes&quot;:[]},&quot;source&quot;:&quot;media_file&quot;,&quot;caption_source&quot;:&quot;none&quot;,&quot;link_to&quot;:&quot;none&quot;,&quot;trigger&quot;:&quot;arriving_to_viewport&quot;,&quot;viewport&quot;:{&quot;unit&quot;:&quot;%&quot;,&quot;size&quot;:&quot;&quot;,&quot;sizes&quot;:{&quot;start&quot;:0,&quot;end&quot;:100}},&quot;start_point&quot;:{&quot;unit&quot;:&quot;%&quot;,&quot;size&quot;:0,&quot;sizes&quot;:[]},&quot;end_point&quot;:{&quot;unit&quot;:&quot;%&quot;,&quot;size&quot;:100,&quot;sizes&quot;:[]},&quot;renderer&quot;:&quot;svg&quot;}\" data-widget_type=\"lottie.default\">\n\t\t\t\t\t<div class=\"e-lottie__container\"><div class=\"e-lottie__animation\"><\/div><\/div>\t\t\t\t<\/div>\n\t\t\t\t<\/div>\n\t\t\t\t\t<\/div>\n\t\t\t\t<\/div>\n\t\t<div class=\"elementor-element elementor-element-74ba002 e-flex e-con-boxed e-con e-parent\" data-id=\"74ba002\" data-element_type=\"container\">\n\t\t\t\t\t<div class=\"e-con-inner\">\n\t\t\t\t<div class=\"elementor-element elementor-element-7a81d00 elementor-widget elementor-widget-heading\" data-id=\"7a81d00\" data-element_type=\"widget\" data-widget_type=\"heading.default\">\n\t\t\t\t\t<h4 class=\"elementor-heading-title elementor-size-default\">TEMATSKE RUBRIKE: <\/h4>\t\t\t\t<\/div>\n\t\t\t\t<div class=\"elementor-element elementor-element-02a9cf0 elementor-widget elementor-widget-text-editor\" data-id=\"02a9cf0\" data-element_type=\"widget\" data-widget_type=\"text-editor.default\">\n\t\t\t\t\t\t\t\t\t<p>ZAKUP KULINARI\u010cNE ODDAJE (Zdigni pokriva\u010d)\u00a0<\/p>\t\t\t\t\t\t\t\t<\/div>\n\t\t\t\t<div class=\"elementor-element elementor-element-fa1694a elementor-widget elementor-widget-text-editor\" data-id=\"fa1694a\" data-element_type=\"widget\" data-widget_type=\"text-editor.default\">\n\t\t\t\t\t\t\t\t\t<p>ZAKUP TEHNI\u010cNE RUBRIKE\u00a0<\/p>\t\t\t\t\t\t\t\t<\/div>\n\t\t\t\t<div class=\"elementor-element elementor-element-5b7c3a5 elementor-widget elementor-widget-text-editor\" data-id=\"5b7c3a5\" data-element_type=\"widget\" data-widget_type=\"text-editor.default\">\n\t\t\t\t\t\t\t\t\t<p>RUBRIKA JUTRANJA KAVA\u00a0<\/p>\t\t\t\t\t\t\t\t<\/div>\n\t\t\t\t<div class=\"elementor-element elementor-element-d55cf32 elementor-widget elementor-widget-text-editor\" data-id=\"d55cf32\" data-element_type=\"widget\" data-widget_type=\"text-editor.default\">\n\t\t\t\t\t\t\t\t\t<p>RUBRIKA MALICA\u00a0<\/p>\t\t\t\t\t\t\t\t<\/div>\n\t\t\t\t<div class=\"elementor-element elementor-element-ff28052 elementor-widget elementor-widget-text-editor\" data-id=\"ff28052\" data-element_type=\"widget\" data-widget_type=\"text-editor.default\">\n\t\t\t\t\t\t\t\t\t<p style=\"font-weight: 400;\">ZAKUP RUBRIKE POVEZANE Z ZDRAVJEM IN ZDRAVIM \u017dIVLJENSKIM SLOGOM\u00a0<\/p>\t\t\t\t\t\t\t\t<\/div>\n\t\t\t\t<div class=\"elementor-element elementor-element-c0a6dd5 elementor-widget elementor-widget-text-editor\" data-id=\"c0a6dd5\" data-element_type=\"widget\" data-widget_type=\"text-editor.default\">\n\t\t\t\t\t\t\t\t\t<p style=\"font-weight: 400;\">ZAKUP RUBRIKE O KMETIJSKIH VSEBINAH IN SO\u017dITJU Z NARAVO\u00a0<\/p>\t\t\t\t\t\t\t\t<\/div>\n\t\t\t\t<div class=\"elementor-element elementor-element-4291331 elementor-widget elementor-widget-text-editor\" data-id=\"4291331\" data-element_type=\"widget\" data-widget_type=\"text-editor.default\">\n\t\t\t\t\t\t\t\t\t<p style=\"font-weight: 400;\">ZAKUP MINUTK O DUHOVNIH VSEBINAH\u00a0<\/p>\t\t\t\t\t\t\t\t<\/div>\n\t\t\t\t<div class=\"elementor-element elementor-element-968f7df elementor-widget elementor-widget-text-editor\" data-id=\"968f7df\" data-element_type=\"widget\" data-widget_type=\"text-editor.default\">\n\t\t\t\t\t\t\t\t\t<p style=\"font-weight: 400;\">ZAKUP TERMINA OB\u010cINA NA OBISKU \u00a0<\/p>\t\t\t\t\t\t\t\t<\/div>\n\t\t\t\t<div class=\"elementor-element elementor-element-fda8bea elementor-widget elementor-widget-text-editor\" data-id=\"fda8bea\" data-element_type=\"widget\" data-widget_type=\"text-editor.default\">\n\t\t\t\t\t\t\t\t\t<p style=\"font-weight: 400;\">ZAKUP TERMINA O POSLOVNIH TEMAH \u00a0<\/p>\t\t\t\t\t\t\t\t<\/div>\n\t\t\t\t<div class=\"elementor-element elementor-element-48a11a6 elementor-widget elementor-widget-text-editor\" data-id=\"48a11a6\" data-element_type=\"widget\" data-widget_type=\"text-editor.default\">\n\t\t\t\t\t\t\t\t\t<p style=\"font-weight: 400;\">Pogovorna oddaja NEDELJSKA KUHINJA\u00a0<\/p>\t\t\t\t\t\t\t\t<\/div>\n\t\t\t\t\t<\/div>\n\t\t\t\t<\/div>\n\t\t<div class=\"elementor-element elementor-element-e937550 e-flex e-con-boxed e-con e-parent\" data-id=\"e937550\" data-element_type=\"container\">\n\t\t\t\t\t<div class=\"e-con-inner\">\n\t\t\t\t<div class=\"elementor-element elementor-element-f31daf9 e-n-tabs-none elementor-widget elementor-widget-n-tabs\" data-id=\"f31daf9\" data-element_type=\"widget\" data-settings=\"{&quot;tabs_justify_horizontal&quot;:&quot;center&quot;,&quot;tabs_justify_horizontal_mobile&quot;:&quot;center&quot;,&quot;horizontal_scroll_mobile&quot;:&quot;disable&quot;,&quot;horizontal_scroll&quot;:&quot;disable&quot;}\" data-widget_type=\"nested-tabs.default\">\n\t\t\t\t\t\t\t<div class=\"e-n-tabs\" data-widget-number=\"254925561\" aria-label=\"Tabs. Open items with Enter or Space, close with Escape and navigate using the Arrow keys.\">\n\t\t\t<div class=\"e-n-tabs-heading\" role=\"tablist\">\n\t\t\t\t\t<button id=\"e-n-tab-title-2549255611\" class=\"e-n-tab-title\" aria-selected=\"true\" data-tab-index=\"1\" role=\"tab\" tabindex=\"0\" aria-controls=\"e-n-tab-content-2549255611\" style=\"--n-tabs-title-order: 1;\">\n\t\t\t\t\t\t<span class=\"e-n-tab-title-text\">\n\t\t\t\tPON\t\t\t<\/span>\n\t\t<\/button>\n\t\t\t\t<button id=\"e-n-tab-title-2549255612\" class=\"e-n-tab-title\" aria-selected=\"false\" data-tab-index=\"2\" role=\"tab\" tabindex=\"-1\" aria-controls=\"e-n-tab-content-2549255612\" style=\"--n-tabs-title-order: 2;\">\n\t\t\t\t\t\t<span class=\"e-n-tab-title-text\">\n\t\t\t\tTOR\t\t\t<\/span>\n\t\t<\/button>\n\t\t\t\t<button id=\"e-n-tab-title-2549255613\" class=\"e-n-tab-title\" aria-selected=\"false\" data-tab-index=\"3\" role=\"tab\" tabindex=\"-1\" aria-controls=\"e-n-tab-content-2549255613\" style=\"--n-tabs-title-order: 3;\">\n\t\t\t\t\t\t<span class=\"e-n-tab-title-text\">\n\t\t\t\tSRE\t\t\t<\/span>\n\t\t<\/button>\n\t\t\t\t<button id=\"e-n-tab-title-2549255614\" class=\"e-n-tab-title\" aria-selected=\"false\" data-tab-index=\"4\" role=\"tab\" tabindex=\"-1\" aria-controls=\"e-n-tab-content-2549255614\" style=\"--n-tabs-title-order: 4;\">\n\t\t\t\t\t\t<span class=\"e-n-tab-title-text\">\n\t\t\t\t\u010cET\t\t\t<\/span>\n\t\t<\/button>\n\t\t\t\t<button id=\"e-n-tab-title-2549255615\" class=\"e-n-tab-title\" aria-selected=\"false\" data-tab-index=\"5\" role=\"tab\" tabindex=\"-1\" aria-controls=\"e-n-tab-content-2549255615\" style=\"--n-tabs-title-order: 5;\">\n\t\t\t\t\t\t<span class=\"e-n-tab-title-text\">\n\t\t\t\tPET\t\t\t<\/span>\n\t\t<\/button>\n\t\t\t\t<button id=\"e-n-tab-title-2549255616\" class=\"e-n-tab-title\" aria-selected=\"false\" data-tab-index=\"6\" role=\"tab\" tabindex=\"-1\" aria-controls=\"e-n-tab-content-2549255616\" style=\"--n-tabs-title-order: 6;\">\n\t\t\t\t\t\t<span class=\"e-n-tab-title-text\">\n\t\t\t\tSOB\t\t\t<\/span>\n\t\t<\/button>\n\t\t\t\t<button id=\"e-n-tab-title-2549255617\" class=\"e-n-tab-title\" aria-selected=\"false\" data-tab-index=\"7\" role=\"tab\" tabindex=\"-1\" aria-controls=\"e-n-tab-content-2549255617\" style=\"--n-tabs-title-order: 7;\">\n\t\t\t\t\t\t<span class=\"e-n-tab-title-text\">\n\t\t\t\tNED\t\t\t<\/span>\n\t\t<\/button>\n\t\t\t\t\t<\/div>\n\t\t\t<div class=\"e-n-tabs-content\">\n\t\t\t\t<div id=\"e-n-tab-content-2549255611\" role=\"tabpanel\" aria-labelledby=\"e-n-tab-title-2549255611\" data-tab-index=\"1\" style=\"--n-tabs-title-order: 1;\" class=\"e-active elementor-element elementor-element-ee52588 e-con-full e-flex e-con e-child\" data-id=\"ee52588\" data-element_type=\"container\">\n\t\t<div class=\"elementor-element elementor-element-7669212 e-con-full elementor-hidden-desktop elementor-hidden-tablet elementor-hidden-mobile e-flex e-con e-child\" data-id=\"7669212\" data-element_type=\"container\">\n\t\t<div class=\"elementor-element elementor-element-f14fdec e-con-full e-flex e-con e-child\" data-id=\"f14fdec\" data-element_type=\"container\">\n\t\t<div class=\"elementor-element elementor-element-74e8a09 e-con-full e-flex e-con e-child\" data-id=\"74e8a09\" data-element_type=\"container\">\n\t\t\t\t<div class=\"elementor-element elementor-element-819e38f elementor-widget elementor-widget-text-editor\" data-id=\"819e38f\" data-element_type=\"widget\" data-widget_type=\"text-editor.default\">\n\t\t\t\t\t\t\t\t\t<p>6:10<\/p>\t\t\t\t\t\t\t\t<\/div>\n\t\t\t\t<\/div>\n\t\t\t\t<div class=\"elementor-element elementor-element-37bed1a elementor-widget elementor-widget-text-editor\" data-id=\"37bed1a\" data-element_type=\"widget\" data-widget_type=\"text-editor.default\">\n\t\t\t\t\t\t\t\t\t<p>Lorem ipsum<\/p>\t\t\t\t\t\t\t\t<\/div>\n\t\t\t\t<\/div>\n\t\t\t\t<\/div>\n\t\t\t\t<\/div>\n\t\t<div id=\"e-n-tab-content-2549255612\" role=\"tabpanel\" aria-labelledby=\"e-n-tab-title-2549255612\" data-tab-index=\"2\" style=\"--n-tabs-title-order: 2;\" class=\" elementor-element elementor-element-7b7c698 e-con-full e-flex e-con e-child\" data-id=\"7b7c698\" data-element_type=\"container\">\n\t\t\t\t<\/div>\n\t\t<div id=\"e-n-tab-content-2549255613\" role=\"tabpanel\" aria-labelledby=\"e-n-tab-title-2549255613\" data-tab-index=\"3\" style=\"--n-tabs-title-order: 3;\" class=\" elementor-element elementor-element-e62e16e e-con-full e-flex e-con e-child\" data-id=\"e62e16e\" data-element_type=\"container\">\n\t\t\t\t<\/div>\n\t\t<div id=\"e-n-tab-content-2549255614\" role=\"tabpanel\" aria-labelledby=\"e-n-tab-title-2549255614\" data-tab-index=\"4\" style=\"--n-tabs-title-order: 4;\" class=\" elementor-element elementor-element-cb5001e e-con-full e-flex e-con e-child\" data-id=\"cb5001e\" data-element_type=\"container\">\n\t\t\t\t<\/div>\n\t\t<div id=\"e-n-tab-content-2549255615\" role=\"tabpanel\" aria-labelledby=\"e-n-tab-title-2549255615\" data-tab-index=\"5\" style=\"--n-tabs-title-order: 5;\" class=\" elementor-element elementor-element-7c09b2e e-con-full e-flex e-con e-child\" data-id=\"7c09b2e\" data-element_type=\"container\">\n\t\t\t\t<\/div>\n\t\t<div id=\"e-n-tab-content-2549255616\" role=\"tabpanel\" aria-labelledby=\"e-n-tab-title-2549255616\" data-tab-index=\"6\" style=\"--n-tabs-title-order: 6;\" class=\" elementor-element elementor-element-5d1fa4b e-con-full e-flex e-con e-child\" data-id=\"5d1fa4b\" data-element_type=\"container\">\n\t\t\t\t<\/div>\n\t\t<div id=\"e-n-tab-content-2549255617\" role=\"tabpanel\" aria-labelledby=\"e-n-tab-title-2549255617\" data-tab-index=\"7\" style=\"--n-tabs-title-order: 7;\" class=\" elementor-element elementor-element-d42bbd3 e-con-full e-flex e-con e-child\" data-id=\"d42bbd3\" data-element_type=\"container\">\n\t\t\t\t<\/div>\n\t\t\t\t\t<\/div>\n\t\t<\/div>\n\t\t\t\t\t\t<\/div>\n\t\t\t\t\t<\/div>\n\t\t\t\t<\/div>\n\t\t\t\t<\/div>\n\t\t","protected":false},"excerpt":{"rendered":"<p>MARKETING OGLASNI BLOKI Za medijsko planiranje pi\u0161ite na: vodja.marketing@murskival.si ZAKUP PROGRAMSKEGA \u010cASA IN TEMATSKE RUBRIKE Za ve\u010d informacij pi\u0161ite na: vodja.marketing@murskival.si Ali pokli\u010dite na \u0161tevilko: 02 538 17 22 NARO\u010cI OGLA\u0160EVANJE TEMATSKE RUBRIKE: ZAKUP KULINARI\u010cNE ODDAJE (Zdigni pokriva\u010d)\u00a0 ZAKUP TEHNI\u010cNE RUBRIKE\u00a0 RUBRIKA JUTRANJA KAVA\u00a0 RUBRIKA MALICA\u00a0 ZAKUP RUBRIKE POVEZANE Z ZDRAVJEM IN ZDRAVIM \u017dIVLJENSKIM SLOGOM\u00a0 [&hellip;]<\/p>\n","protected":false},"author":1,"featured_media":0,"parent":0,"menu_order":0,"comment_status":"closed","ping_status":"closed","template":"","meta":{"footnotes":""},"class_list":["post-32","page","type-page","status-publish","hentry"],"_hostinger_reach_plugin_has_subscription_block":false,"_hostinger_reach_plugin_is_elementor":false,"_links":{"self":[{"href":"https:\/\/murskival.si\/index.php?rest_route=\/wp\/v2\/pages\/32","targetHints":{"allow":["GET"]}}],"collection":[{"href":"https:\/\/murskival.si\/index.php?rest_route=\/wp\/v2\/pages"}],"about":[{"href":"https:\/\/murskival.si\/index.php?rest_route=\/wp\/v2\/types\/page"}],"author":[{"embeddable":true,"href":"https:\/\/murskival.si\/index.php?rest_route=\/wp\/v2\/users\/1"}],"replies":[{"embeddable":true,"href":"https:\/\/murskival.si\/index.php?rest_route=%2Fwp%2Fv2%2Fcomments&post=32"}],"version-history":[{"count":113,"href":"https:\/\/murskival.si\/index.php?rest_route=\/wp\/v2\/pages\/32\/revisions"}],"predecessor-version":[{"id":1150,"href":"https:\/\/murskival.si\/index.php?rest_route=\/wp\/v2\/pages\/32\/revisions\/1150"}],"wp:attachment":[{"href":"https:\/\/murskival.si\/index.php?rest_route=%2Fwp%2Fv2%2Fmedia&parent=32"}],"curies":[{"name":"wp","href":"https:\/\/api.w.org\/{rel}","templated":true}]}}